{"id":2,"date":"2025-10-16T12:47:21","date_gmt":"2025-10-16T10:47:21","guid":{"rendered":"https:\/\/m4revolution.com\/?page_id=2"},"modified":"2025-11-18T13:43:18","modified_gmt":"2025-11-18T12:43:18","slug":"przykladowa-strona","status":"publish","type":"page","link":"https:\/\/m4revolution.com\/?page_id=2","title":{"rendered":""},"content":{"rendered":"\t\t<div data-elementor-type=\"wp-page\" data-elementor-id=\"2\" class=\"elementor elementor-2\">\n\t\t\t\t<div class=\"elementor-element elementor-element-1c53476b e-flex e-con-boxed e-con e-parent\" data-id=\"1c53476b\" data-element_type=\"container\">\n\t\t\t\t\t<div class=\"e-con-inner\">\n\t\t\t\t<div class=\"elementor-element elementor-element-345ecbd9 elementor-widget elementor-widget-text-editor\" data-id=\"345ecbd9\" data-element_type=\"widget\" data-widget_type=\"text-editor.default\">\n\t\t\t\t\t\t\t\t\t\n<p><strong>Kim jeste\u015bmy?<\/strong><\/p>\n\n<p>Od 10 lat wprowadzamy rozwi\u0105zania dla przetw\u00f3rc\u00f3w \u017cywno\u015bci.<\/p>\n\n<p>Nasze logo zawiera slogan\u00a0<em><strong>revolution<\/strong><\/em>\u00a0\u2013 kt\u00f3re nawi\u0105zuje do ci\u0105g\u0142ej rewolucji w naszych produktach. M4 to nieprzypadkowe sk\u0142adniki naszej marki. Litera\u00a0<strong>M<\/strong>\u00a0nawi\u0105zuje do pierwszej litery nazwiska za\u0142o\u017cyciela firmy, natomiast cyfra\u00a0<strong>4<\/strong>\u00a0zast\u0119puje s\u0142owo for-dla, = dla ka\u017cdego Klienta.<\/p>\n\n<p>Wszystko zacz\u0119\u0142o si\u0119 od jednej osoby i realizacji pomys\u0142\u00f3w na wprowadzanie zmian w przetw\u00f3rstwie \u017cywno\u015bci. Dzi\u015b jeste\u015bmy profesjonalnym zespo\u0142em poruszaj\u0105cym si\u0119 w bran\u017cy spo\u017cywczej.<\/p>\n\n<p>G\u0142\u00f3wna siedziba znajduje si\u0119 w Podkarpackim Parku Naukowo Technologicznym, co pozwala nam by\u0107 blisko nowoczesnych technologii i realizowa\u0107 innowacyjne projekty.<\/p>\n\n<p>\u00a0<\/p>\n\n<p>NASZA OBIETNICA<\/p>\n\n<p>Ka\u017cdy projekt i produkt zawiera innowacje. Chcemy zmienia\u0107 przemys\u0142 spo\u017cywczy i wdra\u017ca\u0107 rozwi\u0105zania, kt\u00f3re b\u0119d\u0105 rewolucj\u0105 w bran\u017cy. Partnersko budujemy relacje z naszymi Klientami, aby w oparciu na wsp\u00f3lne do\u015bwiadczenia budowa\u0107 technologie na d\u0142ugie lata bezawaryjnej pracy.<\/p>\n\n<p>\u00a0<\/p>\n\n<p>CZYM SI\u0118 KIERUJEMY?<\/p>\n\n<figure class=\"wp-block-table\">\n<table class=\"has-fixed-layout\">\n<tbody>\n<tr>\n<td class=\"has-text-align-center\" data-align=\"center\">INNOWACJE<\/td>\n<td class=\"has-text-align-center\" data-align=\"center\">ROBOTYKA<\/td>\n<td class=\"has-text-align-center\" data-align=\"center\">WYSOKI UZYSK<\/td>\n<td class=\"has-text-align-center\" data-align=\"center\">JAKO\u015a\u0106<\/td>\n<\/tr>\n<tr>\n<td class=\"has-text-align-center\" data-align=\"center\">WSP\u00d3\u0141PRACA<\/td>\n<td class=\"has-text-align-center\" data-align=\"center\">PRODUKTYWNO\u015a\u0106<\/td>\n<td class=\"has-text-align-center\" data-align=\"center\">BEZAWARYJNO\u015a\u0106<\/td>\n<td class=\"has-text-align-center\" data-align=\"center\">AUTOMATYZACJA<\/td>\n<\/tr>\n<\/tbody>\n<\/table>\n<\/figure>\n\t\t\t\t\t\t\t\t<\/div>\n\t\t\t\t\t<\/div>\n\t\t\t\t<\/div>\n\t\t\t\t<\/div>\n\t\t","protected":false},"excerpt":{"rendered":"<p>Kim jeste\u015bmy? Od 10 lat wprowadzamy rozwi\u0105zania dla przetw\u00f3rc\u00f3w \u017cywno\u015bci. Nasze logo zawiera slogan\u00a0revolution\u00a0\u2013 kt\u00f3re nawi\u0105zuje do ci\u0105g\u0142ej rewolucji w naszych produktach. M4 to nieprzypadkowe sk\u0142adniki naszej marki. Litera\u00a0M\u00a0nawi\u0105zuje do pierwszej litery nazwiska za\u0142o\u017cyciela firmy, natomiast cyfra\u00a04\u00a0zast\u0119puje s\u0142owo for-dla, = dla ka\u017cdego Klienta. Wszystko zacz\u0119\u0142o si\u0119 od jednej osoby i realizacji pomys\u0142\u00f3w na wprowadzanie zmian [&hellip;]<\/p>\n","protected":false},"author":1,"featured_media":0,"parent":0,"menu_order":0,"comment_status":"closed","ping_status":"open","template":"","meta":{"footnotes":""},"class_list":["post-2","page","type-page","status-publish","hentry"],"_links":{"self":[{"href":"https:\/\/m4revolution.com\/index.php?rest_route=\/wp\/v2\/pages\/2","targetHints":{"allow":["GET"]}}],"collection":[{"href":"https:\/\/m4revolution.com\/index.php?rest_route=\/wp\/v2\/pages"}],"about":[{"href":"https:\/\/m4revolution.com\/index.php?rest_route=\/wp\/v2\/types\/page"}],"author":[{"embeddable":true,"href":"https:\/\/m4revolution.com\/index.php?rest_route=\/wp\/v2\/users\/1"}],"replies":[{"embeddable":true,"href":"https:\/\/m4revolution.com\/index.php?rest_route=%2Fwp%2Fv2%2Fcomments&post=2"}],"version-history":[{"count":12,"href":"https:\/\/m4revolution.com\/index.php?rest_route=\/wp\/v2\/pages\/2\/revisions"}],"predecessor-version":[{"id":390,"href":"https:\/\/m4revolution.com\/index.php?rest_route=\/wp\/v2\/pages\/2\/revisions\/390"}],"wp:attachment":[{"href":"https:\/\/m4revolution.com\/index.php?rest_route=%2Fwp%2Fv2%2Fmedia&parent=2"}],"curies":[{"name":"wp","href":"https:\/\/api.w.org\/{rel}","templated":true}]}}