{"id":249,"date":"2025-10-20T10:27:22","date_gmt":"2025-10-20T08:27:22","guid":{"rendered":"https:\/\/m4revolution.com\/?page_id=249"},"modified":"2025-11-18T12:14:43","modified_gmt":"2025-11-18T11:14:43","slug":"ryby-systemy-rozmrazania","status":"publish","type":"page","link":"https:\/\/m4revolution.com\/?page_id=249","title":{"rendered":"Ryby &#8211; systemy rozmra\u017cania"},"content":{"rendered":"\t\t<div data-elementor-type=\"wp-page\" data-elementor-id=\"249\" class=\"elementor elementor-249\">\n\t\t\t\t<div class=\"elementor-element elementor-element-556acd5e e-flex e-con-boxed e-con e-parent\" data-id=\"556acd5e\" data-element_type=\"container\">\n\t\t\t\t\t<div class=\"e-con-inner\">\n\t\t\t\t<div class=\"elementor-element elementor-element-38931d67 elementor-widget elementor-widget-text-editor\" data-id=\"38931d67\" data-element_type=\"widget\" data-widget_type=\"text-editor.default\">\n\t\t\t\t\t\t\t\t\t<p><\/p>\n<p class=\"has-custom-primary-color has-text-color has-link-color has-medium-font-size wp-elements-4b7ef967e6f72d0f2d7729f77d285a82\"><strong>SPIN DEFROSTER SYSTEM<\/strong><\/p>\n<p><\/p>\n<figure class=\"wp-block-video\"><\/figure>\n<p><\/p>\n<p>System SPIN DEFROSTER opiera si\u0119 na immersyjnej technologii stopniowego rozmra\u017cania ryb. Zbiorniki zwane wannami zosta\u0142y wyposa\u017cone w p\u0142aszcze grzewcze zaszyte w ca\u0142ej wewn\u0119trznej powierzchni wanny z zewn\u0119trzn\u0105 izolacj\u0105. Jest to unikalny system, gwarantuj\u0105cy wysok\u0105 skuteczno\u015b\u0107 rozmra\u017cania oraz uzyski. Wykluczenie zewn\u0119trznego \u017ar\u00f3d\u0142a grzania wody procesowej pozwala na osi\u0105gni\u0119cie najwy\u017cszej jako\u015bci i czysto\u015bci instalacji w trakcie procesu rozmra\u017cania, oraz \u0142atwo\u015b\u0107 mycia po przeprowadzonych czynno\u015bciach.<\/p>\n<p><\/p>\n<p>Wanny mog\u0105 zosta\u0107 wykonane wg indywidualnych wymiar\u00f3w oraz pojemno\u015bci. \u015arednica wewn\u0119trzna wanny od 1500 do 3000mm, oraz d\u0142ugo\u015b\u0107 od 3 do 15m. Wanny i \u015bruby s\u0105 zaprojektowane modu\u0142owo, co daje elastyczn\u0105 mo\u017cliwo\u015b\u0107 konfiguracji ca\u0142ego systemu. Spos\u00f3b wyrzutu ryby z wanny mo\u017ce odbywa\u0107 si\u0119 na dwa sposoby, za pomoc\u0105 \u0142opat wygarniaj\u0105cych lub przeno\u015bnika ta\u015bmowego lub modularnego.<\/p>\n<p><\/p>\n<p>Wanny standardowo wyposa\u017cone s\u0105 w system do\u0142adowania spr\u0119\u017conego powietrza &#8211; dysze umieszczone w dnie wanny. Dodatkowo cz\u0119\u015b\u0107 wody procesowej z separatora wt\u0142aczana jest poprzez dno wanny, aby zapewni\u0107 optymalny ruch wody pomi\u0119dzy wst\u0119gami \u015bruby i zapewni\u0107 prawid\u0142owy rozk\u0142ad temperatur wody procesowej. Po\u0142\u0105czenie barbota\u017cu wodno-powietrznego zapobiega sklejaniu si\u0119 ryb, poprawiaj\u0105c skuteczno\u015b\u0107 rozmra\u017cania.<\/p>\n<p><\/p>\n<figure class=\"wp-block-image size-large is-resized\"><img fetchpriority=\"high\" decoding=\"async\" width=\"1024\" height=\"722\" class=\"wp-image-258\" style=\"width: 413px; height: auto;\" src=\"https:\/\/m4revolution.com\/wp-content\/uploads\/2025\/10\/spin-defroster-1024x722.png\" alt=\"\" srcset=\"https:\/\/m4revolution.com\/wp-content\/uploads\/2025\/10\/spin-defroster-1024x722.png 1024w, https:\/\/m4revolution.com\/wp-content\/uploads\/2025\/10\/spin-defroster-300x212.png 300w, https:\/\/m4revolution.com\/wp-content\/uploads\/2025\/10\/spin-defroster-768x542.png 768w, https:\/\/m4revolution.com\/wp-content\/uploads\/2025\/10\/spin-defroster.png 1245w\" sizes=\"(max-width: 1024px) 100vw, 1024px\" \/><\/figure>\n<p><\/p>\n<p>Proces jest monitorowany online z mo\u017cliwo\u015bci\u0105 zapisu i migracji danych produkcyjnych. Czujniki temperatury i przep\u0142ywu znajduj\u0105 si\u0119 na wej\u015bciu i wyj\u015bciu z p\u0142aszcza grzewczego oraz w konstrukcji wanny do pomiaru temperatury wody procesowej.<\/p>\n<p><\/p>\n<p>Kontrola partii produkcyjnych odbywa si\u0119 za pomoc\u0105 wska\u017anika LED na ca\u0142ej d\u0142ugo\u015bci wanny, w ka\u017cdym momencie led pod\u0105\u017ca za wst\u0119g\u0105 \u015bruby i wskazuje kolorem konkretn\u0105 parti\u0119. Wska\u017anik zintegrowany jest z enkoderem \u015bruby oraz wywrotnic\u0105 lub przeno\u015bnikiem za\u0142adowczym wanny, co gwarantuje poprawno\u015b\u0107 partii wzgl\u0119dem koloru.<\/p>\n<p><\/p>\n<p><strong><em>OPCJE WYPOSA\u017bENIA SYSTEMU ROZMRA\u017bANIA<\/em><\/strong><\/p>\n<p><\/p>\n<ul class=\"wp-block-list\"><p><\/p>\n<li>&#8211; wywrotnica paleto-karton\u00f3w \/ paleto-pojemnik\u00f3w<\/li>\n<p><\/p>\n<li>&#8211; przeno\u015bnik wznosz\u0105cy z zabierakami<\/li>\n<p><\/p>\n<li>&#8211; wanna lub zestaw wanien rozmra\u017caj\u0105cych<\/li>\n<p><\/p>\n<li>&#8211; przeno\u015bnik odbieraj\u0105cy z rozdzielaczem<\/li>\n<p><\/p>\n<li>&#8211; waga pojemnik\u00f3w<\/li>\n<p><\/p>\n<li>&#8211; platforma ze schodami dla obs\u0142ugi procesu<\/li>\n<p><\/p>\n<li>&#8211; p\u00f3\u0142automatyczny system mycia wanny oraz \u015bruby<\/li>\n<p><\/p>\n<li>&#8211; b\u0119bnowy separator wody procesowej<\/li>\n<p><\/p>\n<li>&#8211; system sterowania z panelem dotykowym hmi &#8211; autorski system M4 SDcontrol<\/li>\n<p><\/p>\n<li>&nbsp;<\/li>\n<p><\/p><\/ul>\n<p><\/p>\n<p class=\"has-custom-primary-color has-text-color has-link-color wp-elements-72b55d4bf43b59c17234834a4c076158\"><strong><em>KORZY\u015aCI Z ZASTOSOWANIA SYSTEMU SPIN DEFROSTER<\/em><\/strong><\/p>\n<p><\/p>\n<figure class=\"wp-block-table\">\n<table class=\"has-fixed-layout\">\n<tbody>\n<tr>\n<td>Szybkie rozmra\u017canie od -20 do -2 \u00b0C<\/td>\n<td>Delikatne rozmra\u017canie<\/td>\n<td>Wysoki uzysk<\/td>\n<td>System szyty na miar\u0119<\/td>\n<\/tr>\n<tr>\n<td>Wysoki wska\u017anik higieny procesu<\/td>\n<td>Unikalny p\u0142aszcz grzewczy<\/td>\n<td>\u0141atwo\u015b\u0107 mycia<\/td>\n<td>Zaawansowany system sterowania<\/td>\n<\/tr>\n<\/tbody>\n<\/table>\n<\/figure>\n<p><\/p>\t\t\t\t\t\t\t\t<\/div>\n\t\t\t\t\t<\/div>\n\t\t\t\t<\/div>\n\t\t\t\t<\/div>\n\t\t","protected":false},"excerpt":{"rendered":"<p>SPIN DEFROSTER SYSTEM System SPIN DEFROSTER opiera si\u0119 na immersyjnej technologii stopniowego rozmra\u017cania ryb. Zbiorniki zwane wannami zosta\u0142y wyposa\u017cone w p\u0142aszcze grzewcze zaszyte w ca\u0142ej wewn\u0119trznej powierzchni wanny z zewn\u0119trzn\u0105 izolacj\u0105. Jest to unikalny system, gwarantuj\u0105cy wysok\u0105 skuteczno\u015b\u0107 rozmra\u017cania oraz uzyski. Wykluczenie zewn\u0119trznego \u017ar\u00f3d\u0142a grzania wody procesowej pozwala na osi\u0105gni\u0119cie najwy\u017cszej jako\u015bci i czysto\u015bci instalacji [&hellip;]<\/p>\n","protected":false},"author":1,"featured_media":0,"parent":0,"menu_order":0,"comment_status":"closed","ping_status":"closed","template":"","meta":{"footnotes":""},"class_list":["post-249","page","type-page","status-publish","hentry"],"_links":{"self":[{"href":"https:\/\/m4revolution.com\/index.php?rest_route=\/wp\/v2\/pages\/249","targetHints":{"allow":["GET"]}}],"collection":[{"href":"https:\/\/m4revolution.com\/index.php?rest_route=\/wp\/v2\/pages"}],"about":[{"href":"https:\/\/m4revolution.com\/index.php?rest_route=\/wp\/v2\/types\/page"}],"author":[{"embeddable":true,"href":"https:\/\/m4revolution.com\/index.php?rest_route=\/wp\/v2\/users\/1"}],"replies":[{"embeddable":true,"href":"https:\/\/m4revolution.com\/index.php?rest_route=%2Fwp%2Fv2%2Fcomments&post=249"}],"version-history":[{"count":24,"href":"https:\/\/m4revolution.com\/index.php?rest_route=\/wp\/v2\/pages\/249\/revisions"}],"predecessor-version":[{"id":355,"href":"https:\/\/m4revolution.com\/index.php?rest_route=\/wp\/v2\/pages\/249\/revisions\/355"}],"wp:attachment":[{"href":"https:\/\/m4revolution.com\/index.php?rest_route=%2Fwp%2Fv2%2Fmedia&parent=249"}],"curies":[{"name":"wp","href":"https:\/\/api.w.org\/{rel}","templated":true}]}}