{"id":326,"date":"2025-11-18T11:55:56","date_gmt":"2025-11-18T10:55:56","guid":{"rendered":"https:\/\/m4revolution.com\/?page_id=326"},"modified":"2025-11-18T12:11:05","modified_gmt":"2025-11-18T11:11:05","slug":"drob-dodatkowe-wyposazenie","status":"publish","type":"page","link":"https:\/\/m4revolution.com\/?page_id=326","title":{"rendered":"Dr\u00f3b &#8211; dodatkowe wyposa\u017cenie"},"content":{"rendered":"\t\t<div data-elementor-type=\"wp-page\" data-elementor-id=\"326\" class=\"elementor elementor-326\">\n\t\t\t\t<div class=\"elementor-element elementor-element-f4e63c7 e-flex e-con-boxed e-con e-parent\" data-id=\"f4e63c7\" data-element_type=\"container\">\n\t\t\t\t\t<div class=\"e-con-inner\">\n\t\t\t\t<div class=\"elementor-element elementor-element-432e71a elementor-widget elementor-widget-text-editor\" data-id=\"432e71a\" data-element_type=\"widget\" data-widget_type=\"text-editor.default\">\n\t\t\t\t\t\t\t\t\t<h5><strong>Wywrotnice pojemnik\u00f3w, paletopojemnik\u00f3w, kartonopojemnik\u00f3w<\/strong><\/h5>\t\t\t\t\t\t\t\t<\/div>\n\t\t\t\t\t<\/div>\n\t\t\t\t<\/div>\n\t\t<div class=\"elementor-element elementor-element-e4f7f45 e-flex e-con-boxed e-con e-parent\" data-id=\"e4f7f45\" data-element_type=\"container\">\n\t\t\t\t\t<div class=\"e-con-inner\">\n\t\t\t\t<div class=\"elementor-element elementor-element-21e9217 elementor-widget__width-initial elementor-widget elementor-widget-video\" data-id=\"21e9217\" data-element_type=\"widget\" data-settings=\"{&quot;video_type&quot;:&quot;hosted&quot;,&quot;autoplay&quot;:&quot;yes&quot;,&quot;mute&quot;:&quot;yes&quot;,&quot;loop&quot;:&quot;yes&quot;,&quot;controls&quot;:&quot;yes&quot;}\" data-widget_type=\"video.default\">\n\t\t\t\t\t\t\t<div class=\"e-hosted-video elementor-wrapper elementor-open-inline\">\n\t\t\t\t\t<video class=\"elementor-video\" src=\"https:\/\/m4revolution.com\/wp-content\/uploads\/2025\/11\/5.mp4\" autoplay=\"\" loop=\"\" controls=\"\" muted=\"muted\" controlsList=\"nodownload\"><\/video>\n\t\t\t\t<\/div>\n\t\t\t\t\t\t<\/div>\n\t\t\t\t\t<\/div>\n\t\t\t\t<\/div>\n\t\t\t\t<\/div>\n\t\t","protected":false},"excerpt":{"rendered":"<p>Wywrotnice pojemnik\u00f3w, paletopojemnik\u00f3w, kartonopojemnik\u00f3w https:\/\/m4revolution.com\/wp-content\/uploads\/2025\/11\/5.mp4<\/p>\n","protected":false},"author":1,"featured_media":0,"parent":0,"menu_order":0,"comment_status":"closed","ping_status":"closed","template":"","meta":{"footnotes":""},"class_list":["post-326","page","type-page","status-publish","hentry"],"_links":{"self":[{"href":"https:\/\/m4revolution.com\/index.php?rest_route=\/wp\/v2\/pages\/326","targetHints":{"allow":["GET"]}}],"collection":[{"href":"https:\/\/m4revolution.com\/index.php?rest_route=\/wp\/v2\/pages"}],"about":[{"href":"https:\/\/m4revolution.com\/index.php?rest_route=\/wp\/v2\/types\/page"}],"author":[{"embeddable":true,"href":"https:\/\/m4revolution.com\/index.php?rest_route=\/wp\/v2\/users\/1"}],"replies":[{"embeddable":true,"href":"https:\/\/m4revolution.com\/index.php?rest_route=%2Fwp%2Fv2%2Fcomments&post=326"}],"version-history":[{"count":14,"href":"https:\/\/m4revolution.com\/index.php?rest_route=\/wp\/v2\/pages\/326\/revisions"}],"predecessor-version":[{"id":351,"href":"https:\/\/m4revolution.com\/index.php?rest_route=\/wp\/v2\/pages\/326\/revisions\/351"}],"wp:attachment":[{"href":"https:\/\/m4revolution.com\/index.php?rest_route=%2Fwp%2Fv2%2Fmedia&parent=326"}],"curies":[{"name":"wp","href":"https:\/\/api.w.org\/{rel}","templated":true}]}}