{"id":47,"date":"2025-10-16T15:35:58","date_gmt":"2025-10-16T13:35:58","guid":{"rendered":"https:\/\/m4revolution.com\/?page_id=47"},"modified":"2025-11-18T13:39:05","modified_gmt":"2025-11-18T12:39:05","slug":"oferta","status":"publish","type":"page","link":"https:\/\/m4revolution.com\/?page_id=47","title":{"rendered":"Wybierz bran\u017c\u0119"},"content":{"rendered":"\t\t<div data-elementor-type=\"wp-page\" data-elementor-id=\"47\" class=\"elementor elementor-47\">\n\t\t\t\t<div class=\"elementor-element elementor-element-219e755 e-flex e-con-boxed e-con e-parent\" data-id=\"219e755\" data-element_type=\"container\">\n\t\t\t\t\t<div class=\"e-con-inner\">\n\t\t\t\t<div class=\"elementor-element elementor-element-35b1544 elementor-widget elementor-widget-text-editor\" data-id=\"35b1544\" data-element_type=\"widget\" data-widget_type=\"text-editor.default\">\n\t\t\t\t\t\t\t\t\t<p><strong>M4revolution<\/strong> dostarcza zar\u00f3wno spersonalizowane produkty przemys\u0142owe, jak i us\u0142ugi wykorzystywane w przemy\u015ble spo\u017cywczym, napojowym i niespo\u017cywczym. Projektujemy, produkujemy i serwisujemy zaawansowane technologicznie systemy przetwarzania \u017cywno\u015bci.<\/p>\t\t\t\t\t\t\t\t<\/div>\n\t\t\t\t\t<\/div>\n\t\t\t\t<\/div>\n\t\t<div class=\"elementor-element elementor-element-5165425 e-grid e-con-boxed e-con e-parent\" data-id=\"5165425\" data-element_type=\"container\">\n\t\t\t\t\t<div class=\"e-con-inner\">\n\t\t\t\t<div class=\"elementor-element elementor-element-87b8c09 elementor-widget elementor-widget-image\" data-id=\"87b8c09\" data-element_type=\"widget\" data-settings=\"{&quot;_animation&quot;:&quot;none&quot;}\" data-widget_type=\"image.default\">\n\t\t\t\t\t\t\t\t\t\t\t\t<figure class=\"wp-caption\">\n\t\t\t\t\t\t\t\t\t\t\t<a href=\"https:\/\/m4revolution.com\/?page_id=147\">\n\t\t\t\t\t\t\t<img decoding=\"async\" src=\"https:\/\/m4revolution.com\/wp-content\/uploads\/elementor\/thumbs\/drob-revyo672f379pezq619vdfrudb485ol691ci452qxc.png\" title=\"dr\u00f3b\" alt=\"dr\u00f3b\" loading=\"lazy\" \/>\t\t\t\t\t\t\t\t<\/a>\n\t\t\t\t\t\t\t\t\t\t\t<figcaption class=\"widget-image-caption wp-caption-text\">DR\u00d3B<\/figcaption>\n\t\t\t\t\t\t\t\t\t\t<\/figure>\n\t\t\t\t\t\t\t\t\t<\/div>\n\t\t\t\t<div class=\"elementor-element elementor-element-17646a2 elementor-widget elementor-widget-image\" data-id=\"17646a2\" data-element_type=\"widget\" data-widget_type=\"image.default\">\n\t\t\t\t\t\t\t\t\t\t\t\t<figure class=\"wp-caption\">\n\t\t\t\t\t\t\t\t\t\t\t<a href=\"https:\/\/m4revolution.com\/?page_id=149\">\n\t\t\t\t\t\t\t<img decoding=\"async\" src=\"https:\/\/m4revolution.com\/wp-content\/uploads\/elementor\/thumbs\/ryba-revyoqvilfzksu5ota7nwajzfsaav0v9nvp6o8834g.png\" title=\"ryby\" alt=\"ryby\" loading=\"lazy\" \/>\t\t\t\t\t\t\t\t<\/a>\n\t\t\t\t\t\t\t\t\t\t\t<figcaption class=\"widget-image-caption wp-caption-text\">RYBY<\/figcaption>\n\t\t\t\t\t\t\t\t\t\t<\/figure>\n\t\t\t\t\t\t\t\t\t<\/div>\n\t\t\t\t<div class=\"elementor-element elementor-element-5c15000 elementor-widget elementor-widget-image\" data-id=\"5c15000\" data-element_type=\"widget\" data-widget_type=\"image.default\">\n\t\t\t\t\t\t\t\t\t\t\t\t<figure class=\"wp-caption\">\n\t\t\t\t\t\t\t\t\t\t\t<a href=\"https:\/\/m4revolution.com\/?page_id=151\">\n\t\t\t\t\t\t\t<img decoding=\"async\" src=\"https:\/\/m4revolution.com\/wp-content\/uploads\/elementor\/thumbs\/bz-revypfbbj4x16p66ukryp4dyvsxuf5kaf8nt5f7umo.png\" title=\"inne\" alt=\"inne\" loading=\"lazy\" \/>\t\t\t\t\t\t\t\t<\/a>\n\t\t\t\t\t\t\t\t\t\t\t<figcaption class=\"widget-image-caption wp-caption-text\">BRAN\u017bE SPO\u017bYWCZE<\/figcaption>\n\t\t\t\t\t\t\t\t\t\t<\/figure>\n\t\t\t\t\t\t\t\t\t<\/div>\n\t\t\t\t<div class=\"elementor-element elementor-element-1fdb482 elementor-widget elementor-widget-image\" data-id=\"1fdb482\" data-element_type=\"widget\" data-widget_type=\"image.default\">\n\t\t\t\t\t\t\t\t\t\t\t\t<figure class=\"wp-caption\">\n\t\t\t\t\t\t\t\t\t\t\t<a href=\"https:\/\/m4revolution.com\/?page_id=153\">\n\t\t\t\t\t\t\t<img decoding=\"async\" src=\"https:\/\/m4revolution.com\/wp-content\/uploads\/elementor\/thumbs\/INNE-revypvakrbiwo2iz99omdicszcr320bq5fr2b4k5ow.png\" title=\"inne\" alt=\"inne\" loading=\"lazy\" \/>\t\t\t\t\t\t\t\t<\/a>\n\t\t\t\t\t\t\t\t\t\t\t<figcaption class=\"widget-image-caption wp-caption-text\">INSTALACJE, MODERNIZACJE, US\u0141UGI<\/figcaption>\n\t\t\t\t\t\t\t\t\t\t<\/figure>\n\t\t\t\t\t\t\t\t\t<\/div>\n\t\t\t\t\t<\/div>\n\t\t\t\t<\/div>\n\t\t\t\t<\/div>\n\t\t","protected":false},"excerpt":{"rendered":"<p>M4revolution dostarcza zar\u00f3wno spersonalizowane produkty przemys\u0142owe, jak i us\u0142ugi wykorzystywane w przemy\u015ble spo\u017cywczym, napojowym i niespo\u017cywczym. Projektujemy, produkujemy i serwisujemy zaawansowane technologicznie systemy przetwarzania \u017cywno\u015bci. DR\u00d3B RYBY BRAN\u017bE SPO\u017bYWCZE INSTALACJE, MODERNIZACJE, US\u0141UGI<\/p>\n","protected":false},"author":1,"featured_media":0,"parent":0,"menu_order":0,"comment_status":"closed","ping_status":"closed","template":"","meta":{"footnotes":""},"class_list":["post-47","page","type-page","status-publish","hentry"],"_links":{"self":[{"href":"https:\/\/m4revolution.com\/index.php?rest_route=\/wp\/v2\/pages\/47","targetHints":{"allow":["GET"]}}],"collection":[{"href":"https:\/\/m4revolution.com\/index.php?rest_route=\/wp\/v2\/pages"}],"about":[{"href":"https:\/\/m4revolution.com\/index.php?rest_route=\/wp\/v2\/types\/page"}],"author":[{"embeddable":true,"href":"https:\/\/m4revolution.com\/index.php?rest_route=\/wp\/v2\/users\/1"}],"replies":[{"embeddable":true,"href":"https:\/\/m4revolution.com\/index.php?rest_route=%2Fwp%2Fv2%2Fcomments&post=47"}],"version-history":[{"count":71,"href":"https:\/\/m4revolution.com\/index.php?rest_route=\/wp\/v2\/pages\/47\/revisions"}],"predecessor-version":[{"id":383,"href":"https:\/\/m4revolution.com\/index.php?rest_route=\/wp\/v2\/pages\/47\/revisions\/383"}],"wp:attachment":[{"href":"https:\/\/m4revolution.com\/index.php?rest_route=%2Fwp%2Fv2%2Fmedia&parent=47"}],"curies":[{"name":"wp","href":"https:\/\/api.w.org\/{rel}","templated":true}]}}